{"id":2033,"date":"2025-01-08T21:31:39","date_gmt":"2025-01-08T20:31:39","guid":{"rendered":"https:\/\/strengen.it\/colazione\/"},"modified":"2025-03-17T20:35:04","modified_gmt":"2025-03-17T19:35:04","slug":"colazione","status":"publish","type":"page","link":"https:\/\/strengen.it\/it\/colazione\/","title":{"rendered":"Colazione"},"content":{"rendered":"<div class=\"wpb-content-wrapper\"><p>[vc_section parallax=&#8221;content-moving&#8221; css=&#8221;.vc_custom_1741450349514{background-image: url(http:\/\/strengen.it\/wp-content\/uploads\/2025\/03\/Strengen-5081.jpg?id=1213) !important;background-position: center !important;background-repeat: no-repeat !important;background-size: cover !important;}&#8221;][vc_row equal_height=&#8221;yes&#8221; content_placement=&#8221;middle&#8221; css=&#8221;.vc_custom_1551023581951{background-position: center !important;background-repeat: no-repeat !important;background-size: cover !important;}&#8221;][vc_column]<div  class=\"wpb_content_element   clearfix\"><style type=\"text\/css\">#ut_am_69e5e0cd99af3 { opacity: 1; }#ut_am_wrap_69e5e0cd99af4 .ut-image-gallery-item-caption-title h3 { letter-spacing: 0em; }#ut_am_wrap_69e5e0cd99af4 .ut-gallery-slider-caption { font-weight: bold; }#ut_am_wrap_69e5e0cd99af4 { text-align: center; }@media (min-width: 768px) and (max-width: 1024px) { #ut_am_wrap_69e5e0cd99af4 { text-align: center !important; } }@media (max-width: 767px) { #ut_am_wrap_69e5e0cd99af4 { text-align: center !important; } }<\/style><div id=\"ut_am_wrap_69e5e0cd99af4\" class=\"ut-image-gallery-image \"><div id=\"ut_reveal_69e5e0cd99af5\"  data-appear-top-offset=\"auto\" class=\"ut-animated-image-item ut-image-gallery-item ut-animation-done \"><a class=\"ut-deactivated-link\" href=\"#\"><div class=\"ut-animated-image-zoom\"><img loading=\"lazy\" decoding=\"async\" class=\"ut-lazy skip-lazy ut-animated-image \"  id=\"ut_am_69e5e0cd99af3\" src=\"data:image\/svg+xml;charset=utf-8,%3Csvg xmlns%3D'http%3A%2F%2Fwww.w3.org%2F2000%2Fsvg' viewBox%3D'0 0 353 250'%2F%3E\" data-src=\"https:\/\/strengen.it\/wp-content\/uploads\/2025\/03\/Logo-Strengen-white-250px.png\" width=\"353\" height=\"250\" alt=\"\"\/><\/div><\/a><\/div><\/div><\/div>[\/vc_column][\/vc_row][\/vc_section][vc_section][vc_row][vc_column]<div class=\"wpb_content_element \"><style type=\"text\/css\">#ut_header_69e5e0cd9a0b9 h2.section-title { font-size:35px !important;line-height:35px !important; }<\/style><header id=\"ut_header_69e5e0cd9a0b9\" class=\"section-header  ut-no-title-linebreak-mobile ut-no-lead-linebreak-mobile pt-style-7 header-left header-tablet-left header-mobile-center element-with-custom-line-height\"><div class=\"element-with-custom-line-height\" ><h2 data-title=\"MOMENTI DI PIACERE\"  data-responsive-font=\"section_title\" data-responsive-font-settings=\"{&quot;base-font-size&quot;:&quot;35&quot;,&quot;font-size-unit&quot;:&quot;px&quot;,&quot;font-size&quot;:{&quot;desktop_large&quot;:&quot;35&quot;},&quot;base-line-height&quot;:&quot;35&quot;,&quot;line-height-unit&quot;:&quot;px&quot;,&quot;line-height&quot;:{&quot;desktop_large&quot;:&quot;35&quot;},&quot;base-letter-spacing&quot;:&quot;global&quot;}\" class=\"section-title  \"><span>MOMENTI DI PIACERE<\/span><\/h2><\/div><\/header><\/div>[vc_column_text]<\/p>\n<p class=\"p1\">Iniziate la vostra giornata con una ricca colazione a buffet che non lascia nulla a desiderare. Vi aspettano fragranti panini e croissant freschi, marmellate fatte in casa e miele direttamente dall\u2019apicoltore. Il nostro buffet \u00e8 arricchito da deliziose specialit\u00e0 regionali: dai formaggi saporiti ai salumi locali, fino alle uova preparate al momento secondo i vostri gusti, naturalmente da galline altoatesine.  <\/p>\n<p class=\"p1\">Per un inizio di giornata sano e leggero, troverete croccanti cereali, yogurt e diversi succhi di frutta, mentre caff\u00e8 aromatico e t\u00e8 vi daranno la giusta carica di energia.<\/p>\n<p class=\"p1\">Scegliete il vostro angolo preferito!<br \/>Nelle giornate calde, vi invitiamo a gustare la colazione sulla nostra terrazza panoramica. Con una vista mozzafiato sui boschi circostanti e sul Lago di Caldaro, potrete assaporare i primi raggi di sole del giorno \u2013 e la colazione avr\u00e0 un sapore ancora pi\u00f9 speciale.   <\/p>\n<p class=\"p1\">Quando fa pi\u00f9 fresco, o se preferite un\u2019atmosfera pi\u00f9 accogliente, la nostra sala colazioni, arredata con cura e amore, vi offrir\u00e0 il massimo comfort.<\/p>\n<p class=\"p1\">Il nostro obiettivo \u00e8 rendere il vostro risveglio il pi\u00f9 piacevole possibile. Che preferiate una colazione dolce o salata, leggera o abbondante, qui troverete sicuramente ci\u00f2 che fa per voi, per iniziare la giornata con il sorriso. <\/p>\n<p class=\"p1\">Perch\u00e9 siamo convinti che una buona colazione sia il primo passo per una giornata perfetta!<\/p>\n<p>[\/vc_column_text]<style type=\"text\/css\">#ut_custom_heading69e5e0cd9ef5a { font-family: \"Ephesis\";font-weight:400;font-style:normal; }#ut_custom_heading69e5e0cd9ef5a { font-size:50px !important; }#ut_custom_heading69e5e0cd9ef5a { text-align:center; }@media (min-width: 768px) and (max-width: 1024px) { #ut_custom_heading69e5e0cd9ef5a { text-align:center; } }@media (max-width: 767px) { #ut_custom_heading69e5e0cd9ef5a { text-align:center; } }<\/style><h3 id=\"ut_custom_heading69e5e0cd9ef5a\" data-responsive-font=\"h3\" data-responsive-font-settings=\"{&quot;base-font-size&quot;:&quot;50&quot;,&quot;font-size-unit&quot;:&quot;px&quot;,&quot;font-size&quot;:{&quot;desktop_large&quot;:&quot;50&quot;},&quot;base-line-height&quot;:&quot;global&quot;,&quot;base-letter-spacing&quot;:&quot;global&quot;}\" class=\"ut-custom-heading-module   vc_custom_1741450588108\" ><span class=\"\" >\u201cCosa c\u2019\u00e8 di pi\u00f9 bello che preparare la colazione per qualcuno?\u201d<br \/>\nAnthony Bourdain<\/span><\/h3>[\/vc_column][\/vc_row][vc_row full_width=&#8221;stretch_row_content_no_spaces&#8221;][vc_column]<div id=\"ut_oms_69e5e0cd9efdd\" class=\"wpb_content_element \"><style type=\"text\/css\"> #ut_oms_69e5e0cd9efdd .ut-next-gallery-slide { color: #222222;}#ut_oms_69e5e0cd9efdd .ut-prev-gallery-slide { color: #222222;} #ut_oms_69e5e0cd9efdd .ut-next-gallery-slide:hover { color: #292e36;}#ut_oms_69e5e0cd9efdd .ut-prev-gallery-slide:hover { color: #292e36;} #ut_oms_69e5e0cd9efdd .ut-next-gallery-slide { background: #ccd3c3;}#ut_oms_69e5e0cd9efdd .ut-prev-gallery-slide { background: #ccd3c3;} #ut_oms_69e5e0cd9efdd .ut-next-gallery-slide:hover { background: #ffffff;}#ut_oms_69e5e0cd9efdd .ut-prev-gallery-slide:hover { background: #ffffff;} #ut_oms_69e5e0cd9efdd .ut-slider-maximize { color:#ffffff;} #ut_oms_69e5e0cd9efdd .ut-slider-maximize { background:#ccd3c3;} #ut_oms_69e5e0cd9efdd .ut-gallery-slider-caption-wrap::before { content: \"\"; } #ut_oms_69e5e0cd9efdd .ut-gallery-slider-caption-wrap::after {background-color: rgba(20,22,24,0.9);}<\/style><div class=\"ut-owl-gallery-slider-wrap ut-owl-gallery-slider-style-one\"><div id=\"ut_ms_69e5e0cd9efdc\" class=\"ut-owl-gallery-slider owl-carousel owl-theme  ut-owl-carousel\" data-settings=\"{&quot;items&quot;:&quot;2&quot;,&quot;lazyLoad&quot;:true,&quot;smartSpeed&quot;:600,&quot;animateIn&quot;:false,&quot;animateOut&quot;:false,&quot;autoplay&quot;:true,&quot;autoplayHoverPause&quot;:true,&quot;autoplayTimeout&quot;:5000,&quot;loop&quot;:true,&quot;nav&quot;:false,&quot;dots&quot;:false,&quot;responsiveClass&quot;:true,&quot;responsive&quot;:{&quot;0&quot;:{&quot;items&quot;:1},&quot;768&quot;:{&quot;items&quot;:&quot;2&quot;},&quot;1025&quot;:{&quot;items&quot;:&quot;2&quot;}},&quot;lightbox&quot;:&quot;yes&quot;}\"><div><figure class=\"ut-gallery-slider-caption-wrap\"><a data-title=\"Strengen-5107\" data-caption=\"\" data-caption-color=\"\" data-caption-background=\"\" data-trigger-id=\"ut-lightbox-trigger-1216\" data-exthumbimage=\"https:\/\/strengen.it\/wp-content\/uploads\/2025\/03\/Strengen-5107-200x200.jpg\" href=\"https:\/\/strengen.it\/wp-content\/uploads\/2025\/03\/Strengen-5107.jpg\" class=\"for-lightbox ut-slider-maximize\"><i class=\"Bklyn-Core-Maximize-3\"><\/i><\/a><img class=\"item owl-lazy\"  data-src=\"https:\/\/strengen.it\/wp-content\/uploads\/2025\/03\/Strengen-5107-1300x867.jpg\" \/><\/figure><\/div><div><figure class=\"ut-gallery-slider-caption-wrap\"><a data-title=\"Strengen-5068\" data-caption=\"\" data-caption-color=\"\" data-caption-background=\"\" data-trigger-id=\"ut-lightbox-trigger-1212\" data-exthumbimage=\"https:\/\/strengen.it\/wp-content\/uploads\/2025\/03\/Strengen-5068-200x200.jpg\" href=\"https:\/\/strengen.it\/wp-content\/uploads\/2025\/03\/Strengen-5068.jpg\" class=\"for-lightbox ut-slider-maximize\"><i class=\"Bklyn-Core-Maximize-3\"><\/i><\/a><img class=\"item owl-lazy\"  data-src=\"https:\/\/strengen.it\/wp-content\/uploads\/2025\/03\/Strengen-5068-1300x867.jpg\" \/><\/figure><\/div><div><figure class=\"ut-gallery-slider-caption-wrap\"><a data-title=\"Strengen-0781\" data-caption=\"\" data-caption-color=\"\" data-caption-background=\"\" data-trigger-id=\"ut-lightbox-trigger-1193\" data-exthumbimage=\"https:\/\/strengen.it\/wp-content\/uploads\/2025\/03\/Strengen-0781-200x200.jpg\" href=\"https:\/\/strengen.it\/wp-content\/uploads\/2025\/03\/Strengen-0781.jpg\" class=\"for-lightbox ut-slider-maximize\"><i class=\"Bklyn-Core-Maximize-3\"><\/i><\/a><img class=\"item owl-lazy\"  data-src=\"https:\/\/strengen.it\/wp-content\/uploads\/2025\/03\/Strengen-0781-1300x867.jpg\" \/><\/figure><\/div><div><figure class=\"ut-gallery-slider-caption-wrap\"><a data-title=\"Strengen-5012\" data-caption=\"\" data-caption-color=\"\" data-caption-background=\"\" data-trigger-id=\"ut-lightbox-trigger-1208\" data-exthumbimage=\"https:\/\/strengen.it\/wp-content\/uploads\/2025\/03\/Strengen-5012-200x200.jpg\" href=\"https:\/\/strengen.it\/wp-content\/uploads\/2025\/03\/Strengen-5012.jpg\" class=\"for-lightbox ut-slider-maximize\"><i class=\"Bklyn-Core-Maximize-3\"><\/i><\/a><img class=\"item owl-lazy\"  data-src=\"https:\/\/strengen.it\/wp-content\/uploads\/2025\/03\/Strengen-5012-1300x867.jpg\" \/><\/figure><\/div><div><figure class=\"ut-gallery-slider-caption-wrap\"><a data-title=\"Strengen-5036\" data-caption=\"\" data-caption-color=\"\" data-caption-background=\"\" data-trigger-id=\"ut-lightbox-trigger-1233\" data-exthumbimage=\"https:\/\/strengen.it\/wp-content\/uploads\/2025\/03\/Strengen-5036-200x200.jpg\" href=\"https:\/\/strengen.it\/wp-content\/uploads\/2025\/03\/Strengen-5036.jpg\" class=\"for-lightbox ut-slider-maximize\"><i class=\"Bklyn-Core-Maximize-3\"><\/i><\/a><img class=\"item owl-lazy\"  data-src=\"https:\/\/strengen.it\/wp-content\/uploads\/2025\/03\/Strengen-5036-1300x867.jpg\" \/><\/figure><\/div><div><figure class=\"ut-gallery-slider-caption-wrap\"><a data-title=\"Strengen-5089\" data-caption=\"\" data-caption-color=\"\" data-caption-background=\"\" data-trigger-id=\"ut-lightbox-trigger-1214\" data-exthumbimage=\"https:\/\/strengen.it\/wp-content\/uploads\/2025\/03\/Strengen-5089-200x200.jpg\" href=\"https:\/\/strengen.it\/wp-content\/uploads\/2025\/03\/Strengen-5089.jpg\" class=\"for-lightbox ut-slider-maximize\"><i class=\"Bklyn-Core-Maximize-3\"><\/i><\/a><img class=\"item owl-lazy\"  data-src=\"https:\/\/strengen.it\/wp-content\/uploads\/2025\/03\/Strengen-5089-1300x867.jpg\" \/><\/figure><\/div><div><figure class=\"ut-gallery-slider-caption-wrap\"><a data-title=\"Strengen-5043\" data-caption=\"\" data-caption-color=\"\" data-caption-background=\"\" data-trigger-id=\"ut-lightbox-trigger-1209\" data-exthumbimage=\"https:\/\/strengen.it\/wp-content\/uploads\/2025\/03\/Strengen-5043-200x200.jpg\" href=\"https:\/\/strengen.it\/wp-content\/uploads\/2025\/03\/Strengen-5043.jpg\" class=\"for-lightbox ut-slider-maximize\"><i class=\"Bklyn-Core-Maximize-3\"><\/i><\/a><img class=\"item owl-lazy\"  data-src=\"https:\/\/strengen.it\/wp-content\/uploads\/2025\/03\/Strengen-5043-1300x867.jpg\" \/><\/figure><\/div><div><figure class=\"ut-gallery-slider-caption-wrap\"><a data-title=\"Strengen-5057\" data-caption=\"\" data-caption-color=\"\" data-caption-background=\"\" data-trigger-id=\"ut-lightbox-trigger-1211\" data-exthumbimage=\"https:\/\/strengen.it\/wp-content\/uploads\/2025\/03\/Strengen-5057-200x200.jpg\" href=\"https:\/\/strengen.it\/wp-content\/uploads\/2025\/03\/Strengen-5057.jpg\" class=\"for-lightbox ut-slider-maximize\"><i class=\"Bklyn-Core-Maximize-3\"><\/i><\/a><img class=\"item owl-lazy\"  data-src=\"https:\/\/strengen.it\/wp-content\/uploads\/2025\/03\/Strengen-5057-1300x867.jpg\" \/><\/figure><\/div><div><figure class=\"ut-gallery-slider-caption-wrap\"><a data-title=\"Strengen-5006\" data-caption=\"\" data-caption-color=\"\" data-caption-background=\"\" data-trigger-id=\"ut-lightbox-trigger-1206\" data-exthumbimage=\"https:\/\/strengen.it\/wp-content\/uploads\/2025\/03\/Strengen-5006-200x200.jpg\" href=\"https:\/\/strengen.it\/wp-content\/uploads\/2025\/03\/Strengen-5006.jpg\" class=\"for-lightbox ut-slider-maximize\"><i class=\"Bklyn-Core-Maximize-3\"><\/i><\/a><img class=\"item owl-lazy\"  data-src=\"https:\/\/strengen.it\/wp-content\/uploads\/2025\/03\/Strengen-5006-1300x867.jpg\" \/><\/figure><\/div><div><figure class=\"ut-gallery-slider-caption-wrap\"><a data-title=\"IMG_4496\" data-caption=\"\" data-caption-color=\"\" data-caption-background=\"\" data-trigger-id=\"ut-lightbox-trigger-781\" data-exthumbimage=\"https:\/\/strengen.it\/wp-content\/uploads\/2025\/01\/IMG_4496-200x200.jpg\" href=\"https:\/\/strengen.it\/wp-content\/uploads\/2025\/01\/IMG_4496.jpg\" class=\"for-lightbox ut-slider-maximize\"><i class=\"Bklyn-Core-Maximize-3\"><\/i><\/a><img class=\"item owl-lazy\"  data-src=\"https:\/\/strengen.it\/wp-content\/uploads\/2025\/01\/IMG_4496-980x867-1300x867.jpg\" \/><\/figure><\/div><\/div><a href=\"#\" data-for=\"ut_ms_69e5e0cd9efdc\" class=\"ut-prev-gallery-slide \"><i class=\"Bklyn-Core-Left-2\"><\/i><\/a><a href=\"#\" data-for=\"ut_ms_69e5e0cd9efdc\" class=\"ut-next-gallery-slide \"><i class=\"Bklyn-Core-Right-2\"><\/i><\/a><\/div><\/div>[\/vc_column][\/vc_row][\/vc_section]<\/p>\n<\/div>","protected":false},"excerpt":{"rendered":"<p>[vc_section parallax=&#8221;content-moving&#8221; css=&#8221;.vc_custom_1741450349514{background-image: url(http:\/\/strengen.it\/wp-content\/uploads\/2025\/03\/Strengen-5081.jpg?id=1213) !important;background-position: center !important;background-repeat: no-repeat !important;background-size: cover !important;}&#8221;][vc_row equal_height=&#8221;yes&#8221; content_placement=&#8221;middle&#8221; css=&#8221;.vc_custom_1551023581951{background-position: center !important;background-repeat: no-repeat !important;background-size: cover !important;}&#8221;][vc_column][\/vc_column][\/vc_row][\/vc_section][vc_section][vc_row][vc_column][vc_column_text] Iniziate la vostra giornata con una ricca colazione a buffet che non lascia nulla a desiderare. Vi aspettano fragranti panini e croissant freschi, marmellate fatte in casa e miele direttamente dall\u2019apicoltore. Il nostro buffet \u00e8 [&hellip;]<\/p>\n","protected":false},"author":1,"featured_media":0,"parent":0,"menu_order":0,"comment_status":"closed","ping_status":"closed","template":"","meta":{"footnotes":""},"class_list":["post-2033","page","type-page","status-publish","hentry"],"_links":{"self":[{"href":"https:\/\/strengen.it\/it\/wp-json\/wp\/v2\/pages\/2033","targetHints":{"allow":["GET"]}}],"collection":[{"href":"https:\/\/strengen.it\/it\/wp-json\/wp\/v2\/pages"}],"about":[{"href":"https:\/\/strengen.it\/it\/wp-json\/wp\/v2\/types\/page"}],"author":[{"embeddable":true,"href":"https:\/\/strengen.it\/it\/wp-json\/wp\/v2\/users\/1"}],"replies":[{"embeddable":true,"href":"https:\/\/strengen.it\/it\/wp-json\/wp\/v2\/comments?post=2033"}],"version-history":[{"count":5,"href":"https:\/\/strengen.it\/it\/wp-json\/wp\/v2\/pages\/2033\/revisions"}],"predecessor-version":[{"id":2091,"href":"https:\/\/strengen.it\/it\/wp-json\/wp\/v2\/pages\/2033\/revisions\/2091"}],"wp:attachment":[{"href":"https:\/\/strengen.it\/it\/wp-json\/wp\/v2\/media?parent=2033"}],"curies":[{"name":"wp","href":"https:\/\/api.w.org\/{rel}","templated":true}]}}