{"id":2047,"date":"2025-01-02T10:45:50","date_gmt":"2025-01-02T09:45:50","guid":{"rendered":"https:\/\/strengen.it\/informativa-sulla-privacy\/"},"modified":"2025-03-14T23:32:54","modified_gmt":"2025-03-14T22:32:54","slug":"informativa-sulla-privacy","status":"publish","type":"page","link":"https:\/\/strengen.it\/it\/informativa-sulla-privacy\/","title":{"rendered":"Informativa sulla privacy"},"content":{"rendered":"<div class=\"wpb-content-wrapper\"><p>[vc_row][vc_column][vc_column_text]<\/p>\r\n\r\n<h1 class=\"wp-block-heading\">Cookie e protezione dei dati<\/h1>\r\n<h2>Cookies<\/h2>\r\n<p>Un cookie \u00e8 un piccolo file di lettere e numeri che viene salvato sul vostro computer quando accedete a determinati siti web. I cookie permettono ad un sito web di riconoscere il computer di un utente. Un cookie di per s\u00e9 non contiene n\u00e9 raccoglie informazioni. I cookie possono essere utilizzati nella pubblicit\u00e0 comportamentale per individuare gli utenti che condividono un interesse particolare al fine di sottoporre loro messaggi pubblicitari pi\u00f9 pertinenti.<\/p>\r\n<ul>\r\n<li><a href=\"http:\/\/it.wikipedia.org\/wiki\/Cookie\" target=\"_blank\" rel=\"noopener\">Ulteriori informazioni sui cookie su Wikipedia<\/a><\/li>\r\n<li><a href=\"http:\/\/www.garanteprivacy.it\/cookie\" target=\"_blank\" rel=\"noopener\">Informazioni sui cookie su sito del Garante per la protezione dei dati personali<\/a><\/li>\r\n<\/ul>\r\n<p>Questo sito web utilizza da un lato cookie tecnici che vengono utilizzati per la navigazione, la funzione e la migliorazione delle prestazioni del sito e dall&#8217;altra parte permette a terzi di rilasciare cookies. Questi cookie di terze parti potrebbero essere cookie tecnici, ma anche cookie per la profilazione, che vengono utilizzati per l&#8217;analisi statistica e per la raccolta di dati al fine di inviare all&#8217;utente messaggi pubblicitari che li interessano (cookie di profilazione per il marketing e retargeting).<\/p>\r\n<p>Utenti possono disattivare i cookie.<\/p>\r\n<p><strong>Attenzione<\/strong>, se si sceglie di disabilitare o rifiutare i cookie, potrebbe succedere che alcune parti del sito non potranno essere visualizzate o che non funzionino correttamente.<\/p>\r\n<p>Per disattivare o rifiutare i cookies consultare questi link:<\/p>\r\n<p><strong>Per disabilitare i cookie nei browser pi\u00f9 diffusi:<\/strong><\/p>\r\n<ul>\r\n<li><a title=\"Attivare e disattivare i cookie\" href=\"https:\/\/support.mozilla.org\/it\/kb\/Attivare%20e%20disattivare%20i%20cookie\" target=\"_blank\" rel=\"noopener\">Mozilla Firefox<\/a><\/li>\r\n<li><a title=\"Come bloccare, abilitare o consentire i cookie\" href=\"http:\/\/windows.microsoft.com\/it-IT\/windows7\/Block-enable-or-allow-cookies\" target=\"_blank\" rel=\"noopener\">Windows Internet Explorer<\/a><\/li>\r\n<li><a title=\"Gestione dei cookie e dei dati dei siti\" href=\"https:\/\/support.google.com\/chrome\/answer\/95647?hl=it\" target=\"_blank\" rel=\"noopener\">Google Chrome<\/a><\/li>\r\n<li><a title=\"Cookie\" href=\"http:\/\/help.opera.com\/Windows\/10.00\/it\/cookies.html\" target=\"_blank\" rel=\"noopener\">Opera<\/a><\/li>\r\n<li><a title=\"Impostazioni web per Safari su iPhone, iPad, o iPod touch\" href=\"https:\/\/support.apple.com\/it-it\/HT201265\" target=\"_blank\" rel=\"noopener\">Apple Safari<\/a><\/li>\r\n<\/ul>\r\n<p><strong>Pagine di informazioni per i cookie di terze parti:<\/strong><\/p>\r\n<ul>\r\n<li><a href=\"http:\/\/www.google.com\/intl\/it\/policies\/\" target=\"_blank\" rel=\"noopener\">Google<\/a><\/li>\r\n<li><a href=\"http:\/\/www.google.com\/intl\/it\/policies\/technologies\/cookies\/\" target=\"_blank\" rel=\"noopener\">Google Maps <\/a><\/li>\r\n<\/ul>\r\n<p>Per ulteriori informazioni su come potete disattivate e \/ o cancellare i cookie visitate il sito web gestito da European Interactive Digital Advertising Alliance (EDAA) all\u2019indirizzo <a href=\"http:\/\/www.youronlinechoices.eu\/\" target=\"_blank\" rel=\"noopener\">www.youronlinechoices.eu<\/a><\/p>\r\n<h1>Protezione dei dati<\/h1>\r\n<h2>Informativa ai sensi dell&#8217;art. 13 D. lgs. 196\/2003<\/h2>\r\n<p>Ai sensi dell&#8217;articolo 13 del D. lgs n. 196\/2003 Le forniamo le seguenti informazioni: <strong>Strengen Guesthouse, Evi Jablonsky, Strengen 16, 39052 Caldaro<\/strong>\u00a0utilizzer\u00e0 i Vostri dati per i seguenti scopi:<\/p>\r\n<p>Invio di messaggi, e-mails e comunicazioni pubblicitarie, per adempiere agli obblighi di legge derivanti anche da normative locali e comunali nonch\u00e9 da norme del diritto civile e penale, per adempiere ad eventuali obblighi contrattuali nei confronti dell&#8217;interessato, alla tutela del credito e gestione del debito. I Vostri dati saranno elaborati e memorizzati in formato elettronico.<\/p>\r\n<p><strong>Evi Jablonsky<\/strong> garantisce ai sensi di legge che il trattamento dei dati personali avviene nel rispetto dei diritti fondamentali nonch\u00e9 della dignit\u00e0 dell&#8217;interessato, in particolare per quanto riguarda la segretezza, l&#8217;identit\u00e0 personale e il diritto alla tutela degli stessi.<\/p>\r\n<p>In relazione alle finalit\u00e0 di cui sopra i Suoi dati personali verranno comunicati se necessario:<\/p>\r\n<ul>\r\n<li>alle Pubbliche Amministrazioni ed Autorit\u00e0, ove previsto dalla legge<\/li>\r\n<li>ad Istituti di credito con i quali la ns. ditta ha rapporti per la gestione dei crediti\/debiti e l&#8217;intermediazione finanziaria<\/li>\r\n<li>a tutte quelle persone fisiche e\/o giuridiche, pubbliche e\/o private (studi di consulenza legale, amministrativa e fiscale, uffici giudiziari, Camere di Commercio, servizi informatici ecc.), quando la comunicazione risulti necessaria o funzionale allo svolgimento della nostra attivit\u00e0 e nei modi e per le finalit\u00e0 sopra elencate<\/li>\r\n<\/ul>\r\n<p>Il trattamento dei dati \u00e8 a cura di: <strong>Evi Jablonsky<\/strong>.<\/p>\r\n<p>Il trattamento dei dati potr\u00e0 effettuarsi con o senza l&#8217;ausilio di mezzi elettronici e comunque automatizzati e comprender\u00e0 tutte le operazioni previste all&#8217;art. 4 comma 1, lettera a, Dlgs 30 giugno 2003 nr. 196 e necessarie al trattamento in questione. Comunque il trattamento sar\u00e0 effettuato nell&#8217;osservanza di ogni misura cautelativa, che ne garantisca la sicurezza e la riservatezza.<\/p>\r\n<p>In ogni momento potr\u00e0 esercitare i Suoi diritti nei confronti del titolare del trattamento dei dati, ai sensi dell&#8217;art. 7 del D. lgs. 196\/2003, che per Sua comodit\u00e0 riproduciamo integralmente:<\/p>\r\n<h3>Articolo 7 &#8211; Diritto di accesso ai dati personali ed altri diritti<\/h3>\r\n<p>1.L&#8217;interessato ha diritto di ottenere la conferma dell&#8217;esistenza o meno di dati personali che lo riguardano, anche se non ancora registrati, e la loro comunicazione in forma intelligibile.<\/p>\r\n<p>2.L&#8217;interessato ha diritto di ottenere l&#8217;indicazione:<br \/>a)dell&#8217;origine dei dati personali;<br \/>b)delle finalit\u00e0 e modalit\u00e0 del trattamento;<br \/>c)della logica applicata in caso di trattamento effettuato con l&#8217;ausilio di strumenti elettronici;<br \/>d)degli estremi identificativi del titolare, dei responsabili e del rappresentante designato ai sensi dell&#8217;articolo 5, comma 2;<br \/>e)dei soggetti o delle categorie di soggetti ai quali i dati personali possono essere comunicati o che possono venirne a conoscenza in qualit\u00e0 di rappresentante designato nel territorio dello Stato, di responsabili o incaricati.<\/p>\r\n<p>3.L&#8217;interessato ha diritto di ottenere:<br \/>a)l&#8217;aggiornamento, la rettificazione ovvero, quando vi ha interesse, l&#8217;integrazione dei dati;<br \/>b)la cancellazione, la trasformazione in forma anonima o il blocco dei dati trattati in violazione di legge, compresi quelli di cui non \u00e8 necessaria la conservazione in relazione agli scopi per i quali i dati sono stati raccolti o successivamente trattati;<br \/>c)l&#8217;attestazione che le operazioni di cui alle lettere a) e b) sono state portate a conoscenza, anche per quanto riguarda il loro contenuto, di coloro ai quali i dati sono stati comunicati o diffusi, eccettuato il caso in cui tale adempimento si rivela impossibile o comporta un impiego di mezzi manifestamente sproporzionato rispetto al diritto tutelato.<\/p>\r\n<p>4.L&#8217;interessato ha diritto di opporsi, in tutto o in parte:<br \/>a)per motivi legittimi al trattamento dei dati personali che lo riguardano, ancorch\u00e9 pertinenti allo scopo della raccolta;<br \/>b) al trattamento di dati personali che lo riguardano a fini di invio di materiale pubblicitario o di vendita diretta o per il compimento di ricerche di mercato o di comunicazione commerciale.<\/p>\r\n<p>I diritti in oggetto possono essere esercitati, anche per il tramite di un incaricato, mediante richiesta rivolta a <strong>Evi Jablonsky<\/strong>.<\/p>\r\n<p>Il titolare del trattamento dei dati in oggetto \u00e8:<\/p>\r\n<p><strong>Guesthouse Strengen, Evi Jablonsky, Strengen 16, 39052 Caldaro<\/strong> in persona del legale rappresentante: <strong>Evi Jablonsky<\/strong>.<\/p>\r\n<p>[\/vc_column_text][\/vc_column][\/vc_row]<\/p>\r\n<\/div>","protected":false},"excerpt":{"rendered":"<p>[vc_row][vc_column][vc_column_text] Cookie e protezione dei dati Cookies Un cookie \u00e8 un piccolo file di lettere e numeri che viene salvato sul vostro computer quando accedete a determinati siti web. I cookie permettono ad un sito web di riconoscere il computer di un utente. Un cookie di per s\u00e9 non contiene n\u00e9 raccoglie informazioni. I cookie [&hellip;]<\/p>\n","protected":false},"author":1,"featured_media":0,"parent":0,"menu_order":0,"comment_status":"closed","ping_status":"open","template":"","meta":{"footnotes":""},"class_list":["post-2047","page","type-page","status-publish","hentry"],"_links":{"self":[{"href":"https:\/\/strengen.it\/it\/wp-json\/wp\/v2\/pages\/2047","targetHints":{"allow":["GET"]}}],"collection":[{"href":"https:\/\/strengen.it\/it\/wp-json\/wp\/v2\/pages"}],"about":[{"href":"https:\/\/strengen.it\/it\/wp-json\/wp\/v2\/types\/page"}],"author":[{"embeddable":true,"href":"https:\/\/strengen.it\/it\/wp-json\/wp\/v2\/users\/1"}],"replies":[{"embeddable":true,"href":"https:\/\/strengen.it\/it\/wp-json\/wp\/v2\/comments?post=2047"}],"version-history":[{"count":3,"href":"https:\/\/strengen.it\/it\/wp-json\/wp\/v2\/pages\/2047\/revisions"}],"predecessor-version":[{"id":2050,"href":"https:\/\/strengen.it\/it\/wp-json\/wp\/v2\/pages\/2047\/revisions\/2050"}],"wp:attachment":[{"href":"https:\/\/strengen.it\/it\/wp-json\/wp\/v2\/media?parent=2047"}],"curies":[{"name":"wp","href":"https:\/\/api.w.org\/{rel}","templated":true}]}}